{"id":1349,"date":"2025-06-01T14:39:24","date_gmt":"2025-06-01T14:39:24","guid":{"rendered":"https:\/\/www.rozalskidesign.pl\/?page_id=1349"},"modified":"2025-06-01T15:17:58","modified_gmt":"2025-06-01T15:17:58","slug":"polityka-prywatnosci","status":"publish","type":"page","link":"https:\/\/www.rozalskidesign.pl\/index.php\/polityka-prywatnosci\/","title":{"rendered":"Polityka prywatno\u015bci"},"content":{"rendered":"\t\t<div data-elementor-type=\"wp-page\" data-elementor-id=\"1349\" class=\"elementor elementor-1349\" data-elementor-post-type=\"page\">\n\t\t\t\t<div class=\"elementor-element elementor-element-e6413ce gradient-background e-flex e-con-boxed e-con e-parent\" data-id=\"e6413ce\" data-element_type=\"container\" data-e-type=\"container\">\n\t\t\t\t\t<div class=\"e-con-inner\">\n\t\t<div class=\"elementor-element elementor-element-60bdaee e-con-full e-flex e-con e-child\" data-id=\"60bdaee\" data-element_type=\"container\" data-e-type=\"container\">\n\t\t\t\t<div class=\"elementor-element elementor-element-0b3b0b8 elementor-widget elementor-widget-heading\" data-id=\"0b3b0b8\" data-element_type=\"widget\" data-e-type=\"widget\" data-widget_type=\"heading.default\">\n\t\t\t\t<div class=\"elementor-widget-container\">\n\t\t\t\t\t<h1 class=\"elementor-heading-title elementor-size-default\">Polityka prywatno\u015bci<\/h1>\t\t\t\t<\/div>\n\t\t\t\t<\/div>\n\t\t\t\t<div class=\"elementor-element elementor-element-c3975fa elementor-widget__width-inherit elementor-widget-mobile__width-initial elementor-widget elementor-widget-text-editor\" data-id=\"c3975fa\" data-element_type=\"widget\" data-e-type=\"widget\" data-widget_type=\"text-editor.default\">\n\t\t\t\t<div class=\"elementor-widget-container\">\n\t\t\t\t\t\t\t\t\t<p>Administratorem danych osobowych przetwarzanych na stronie <strong data-start=\"227\" data-end=\"248\">rozalskidesign.pl<\/strong> jest Filip R\u00f3\u017calski. Mo\u017cesz skontaktowa\u0107 si\u0119 ze mn\u0105 pod adresem e-mail: <strong>f.s.rozalski@gmail.com<\/strong><\/p>\t\t\t\t\t\t\t\t<\/div>\n\t\t\t\t<\/div>\n\t\t\t\t<div class=\"elementor-element elementor-element-5fcac0b elementor-widget elementor-widget-heading\" data-id=\"5fcac0b\" data-element_type=\"widget\" data-e-type=\"widget\" data-widget_type=\"heading.default\">\n\t\t\t\t<div class=\"elementor-widget-container\">\n\t\t\t\t\t<h2 class=\"elementor-heading-title elementor-size-default\">Jakie dane zbieram?<\/h2>\t\t\t\t<\/div>\n\t\t\t\t<\/div>\n\t\t\t\t<div class=\"elementor-element elementor-element-2efb4f7 elementor-widget__width-inherit elementor-widget-mobile__width-initial elementor-widget elementor-widget-text-editor\" data-id=\"2efb4f7\" data-element_type=\"widget\" data-e-type=\"widget\" data-widget_type=\"text-editor.default\">\n\t\t\t\t<div class=\"elementor-widget-container\">\n\t\t\t\t\t\t\t\t\t<p>Przez formularz kontaktowy zbieram imi\u0119, adres e-mail oraz tre\u015b\u0107 wiadomo\u015bci. Dane te s\u0105 wykorzystywane wy\u0142\u0105cznie w celu odpowiedzi na przes\u0142ane zapytanie.<\/p>\t\t\t\t\t\t\t\t<\/div>\n\t\t\t\t<\/div>\n\t\t\t\t<div class=\"elementor-element elementor-element-1bfa3ec elementor-widget elementor-widget-heading\" data-id=\"1bfa3ec\" data-element_type=\"widget\" data-e-type=\"widget\" data-widget_type=\"heading.default\">\n\t\t\t\t<div class=\"elementor-widget-container\">\n\t\t\t\t\t<h2 class=\"elementor-heading-title elementor-size-default\">Podstawa prawna przetwarzania danych<\/h2>\t\t\t\t<\/div>\n\t\t\t\t<\/div>\n\t\t\t\t<div class=\"elementor-element elementor-element-df20736 elementor-widget__width-inherit elementor-widget-mobile__width-initial elementor-widget elementor-widget-text-editor\" data-id=\"df20736\" data-element_type=\"widget\" data-e-type=\"widget\" data-widget_type=\"text-editor.default\">\n\t\t\t\t<div class=\"elementor-widget-container\">\n\t\t\t\t\t\t\t\t\t<p>Podstaw\u0105 przetwarzania danych osobowych jest zgoda u\u017cytkownika (art. 6 ust. 1 lit. a RODO).<\/p>\t\t\t\t\t\t\t\t<\/div>\n\t\t\t\t<\/div>\n\t\t\t\t<div class=\"elementor-element elementor-element-4178f2d elementor-widget elementor-widget-heading\" data-id=\"4178f2d\" data-element_type=\"widget\" data-e-type=\"widget\" data-widget_type=\"heading.default\">\n\t\t\t\t<div class=\"elementor-widget-container\">\n\t\t\t\t\t<h2 class=\"elementor-heading-title elementor-size-default\">Jak d\u0142ugo przechowuj\u0119 dane?<\/h2>\t\t\t\t<\/div>\n\t\t\t\t<\/div>\n\t\t\t\t<div class=\"elementor-element elementor-element-bf915e4 elementor-widget__width-inherit elementor-widget-mobile__width-initial elementor-widget elementor-widget-text-editor\" data-id=\"bf915e4\" data-element_type=\"widget\" data-e-type=\"widget\" data-widget_type=\"text-editor.default\">\n\t\t\t\t<div class=\"elementor-widget-container\">\n\t\t\t\t\t\t\t\t\t<p>Dane przes\u0142ane przez formularz s\u0105 przechowywane przez maksymalnie 12 miesi\u0119cy lub do momentu wycofania zgody.<\/p>\t\t\t\t\t\t\t\t<\/div>\n\t\t\t\t<\/div>\n\t\t\t\t<div class=\"elementor-element elementor-element-a9918b6 elementor-widget elementor-widget-heading\" data-id=\"a9918b6\" data-element_type=\"widget\" data-e-type=\"widget\" data-widget_type=\"heading.default\">\n\t\t\t\t<div class=\"elementor-widget-container\">\n\t\t\t\t\t<h2 class=\"elementor-heading-title elementor-size-default\">Komu udost\u0119pniam dane?<\/h2>\t\t\t\t<\/div>\n\t\t\t\t<\/div>\n\t\t\t\t<div class=\"elementor-element elementor-element-96e7445 elementor-widget__width-inherit elementor-widget-mobile__width-initial elementor-widget elementor-widget-text-editor\" data-id=\"96e7445\" data-element_type=\"widget\" data-e-type=\"widget\" data-widget_type=\"text-editor.default\">\n\t\t\t\t<div class=\"elementor-widget-container\">\n\t\t\t\t\t\t\t\t\t<p>Dane nie s\u0105 przekazywane osobom trzecim. Wyj\u0105tkiem mog\u0105 by\u0107 podmioty \u015bwiadcz\u0105ce us\u0142ugi hostingowe lub serwerowe, kt\u00f3re przetwarzaj\u0105 dane wy\u0142\u0105cznie w moim imieniu.<\/p>\t\t\t\t\t\t\t\t<\/div>\n\t\t\t\t<\/div>\n\t\t\t\t<div class=\"elementor-element elementor-element-3843446 elementor-widget elementor-widget-heading\" data-id=\"3843446\" data-element_type=\"widget\" data-e-type=\"widget\" data-widget_type=\"heading.default\">\n\t\t\t\t<div class=\"elementor-widget-container\">\n\t\t\t\t\t<h2 class=\"elementor-heading-title elementor-size-default\">Twoje prawa<\/h2>\t\t\t\t<\/div>\n\t\t\t\t<\/div>\n\t\t\t\t<div class=\"elementor-element elementor-element-455f3ca elementor-widget__width-inherit elementor-widget-mobile__width-initial elementor-widget elementor-widget-text-editor\" data-id=\"455f3ca\" data-element_type=\"widget\" data-e-type=\"widget\" data-widget_type=\"text-editor.default\">\n\t\t\t\t<div class=\"elementor-widget-container\">\n\t\t\t\t\t\t\t\t\t<p>Masz prawo do dost\u0119pu do swoich danych, ich poprawiania, usuni\u0119cia, ograniczenia przetwarzania, przeniesienia danych oraz wniesienia sprzeciwu. Mo\u017cesz te\u017c wycofa\u0107 zgod\u0119 w dowolnym momencie.<\/p>\t\t\t\t\t\t\t\t<\/div>\n\t\t\t\t<\/div>\n\t\t\t\t<div class=\"elementor-element elementor-element-a0760a3 elementor-widget elementor-widget-heading\" data-id=\"a0760a3\" data-element_type=\"widget\" data-e-type=\"widget\" data-widget_type=\"heading.default\">\n\t\t\t\t<div class=\"elementor-widget-container\">\n\t\t\t\t\t<h2 class=\"elementor-heading-title elementor-size-default\">Cookies i narz\u0119dzia analityczne<\/h2>\t\t\t\t<\/div>\n\t\t\t\t<\/div>\n\t\t\t\t<div class=\"elementor-element elementor-element-5e42603 elementor-widget__width-inherit elementor-widget-mobile__width-initial elementor-widget elementor-widget-text-editor\" data-id=\"5e42603\" data-element_type=\"widget\" data-e-type=\"widget\" data-widget_type=\"text-editor.default\">\n\t\t\t\t<div class=\"elementor-widget-container\">\n\t\t\t\t\t\t\t\t\t<p>Strona mo\u017ce korzysta\u0107 z plik\u00f3w cookies oraz narz\u0119dzi takich jak Google Analytics w celu analizy ruchu na stronie. Wi\u0119cej informacji znajdziesz w Polityce cookies.<\/p>\t\t\t\t\t\t\t\t<\/div>\n\t\t\t\t<\/div>\n\t\t\t\t<\/div>\n\t\t<div class=\"elementor-element elementor-element-14f3045 e-con-full e-flex e-con e-child\" data-id=\"14f3045\" data-element_type=\"container\" data-e-type=\"container\">\n\t\t\t\t<div class=\"elementor-element elementor-element-b98c9a3 elementor-widget elementor-widget-heading\" data-id=\"b98c9a3\" data-element_type=\"widget\" data-e-type=\"widget\" data-widget_type=\"heading.default\">\n\t\t\t\t<div class=\"elementor-widget-container\">\n\t\t\t\t\t<h1 class=\"elementor-heading-title elementor-size-default\">Polityka cookies<\/h1>\t\t\t\t<\/div>\n\t\t\t\t<\/div>\n\t\t\t\t<div class=\"elementor-element elementor-element-17e2317 elementor-widget__width-inherit elementor-widget-mobile__width-initial elementor-widget elementor-widget-text-editor\" data-id=\"17e2317\" data-element_type=\"widget\" data-e-type=\"widget\" data-widget_type=\"text-editor.default\">\n\t\t\t\t<div class=\"elementor-widget-container\">\n\t\t\t\t\t\t\t\t\t<p>Strona <strong data-start=\"1461\" data-end=\"1482\">rozalskidesign.pl<\/strong> wykorzystuje pliki cookies w celu poprawy dzia\u0142ania serwisu oraz analizy statystyk odwiedzin. Cookies mog\u0105 by\u0107 r\u00f3wnie\u017c u\u017cywane do wy\u015bwietlania tre\u015bci z zewn\u0119trznych \u017ar\u00f3de\u0142 (np. YouTube, Google Fonts).<\/p>\t\t\t\t\t\t\t\t<\/div>\n\t\t\t\t<\/div>\n\t\t\t\t<div class=\"elementor-element elementor-element-1643497 elementor-widget elementor-widget-heading\" data-id=\"1643497\" data-element_type=\"widget\" data-e-type=\"widget\" data-widget_type=\"heading.default\">\n\t\t\t\t<div class=\"elementor-widget-container\">\n\t\t\t\t\t<h2 class=\"elementor-heading-title elementor-size-default\">Czym s\u0105 pliki cookies?<\/h2>\t\t\t\t<\/div>\n\t\t\t\t<\/div>\n\t\t\t\t<div class=\"elementor-element elementor-element-b704a96 elementor-widget__width-inherit elementor-widget-mobile__width-initial elementor-widget elementor-widget-text-editor\" data-id=\"b704a96\" data-element_type=\"widget\" data-e-type=\"widget\" data-widget_type=\"text-editor.default\">\n\t\t\t\t<div class=\"elementor-widget-container\">\n\t\t\t\t\t\t\t\t\t<p>Cookies to niewielkie pliki tekstowe zapisywane na urz\u0105dzeniu u\u017cytkownika. Nie s\u0142u\u017c\u0105 do identyfikowania osoby, a jedynie urz\u0105dzenia i przegl\u0105darki.<\/p>\t\t\t\t\t\t\t\t<\/div>\n\t\t\t\t<\/div>\n\t\t\t\t<div class=\"elementor-element elementor-element-46dee5c elementor-widget elementor-widget-heading\" data-id=\"46dee5c\" data-element_type=\"widget\" data-e-type=\"widget\" data-widget_type=\"heading.default\">\n\t\t\t\t<div class=\"elementor-widget-container\">\n\t\t\t\t\t<h2 class=\"elementor-heading-title elementor-size-default\">Jakie cookies wykorzystuj\u0119?<\/h2>\t\t\t\t<\/div>\n\t\t\t\t<\/div>\n\t\t\t\t<div class=\"elementor-element elementor-element-284efbb elementor-widget__width-inherit elementor-widget-mobile__width-initial elementor-widget elementor-widget-text-editor\" data-id=\"284efbb\" data-element_type=\"widget\" data-e-type=\"widget\" data-widget_type=\"text-editor.default\">\n\t\t\t\t<div class=\"elementor-widget-container\">\n\t\t\t\t\t\t\t\t\t<ul><li data-start=\"1897\" data-end=\"1958\"><p data-start=\"1899\" data-end=\"1958\"><strong data-start=\"1899\" data-end=\"1912\">Niezb\u0119dne<\/strong> \u2013 potrzebne do prawid\u0142owego dzia\u0142ania strony.<\/p><\/li><li data-start=\"1959\" data-end=\"2052\"><p data-start=\"1961\" data-end=\"2052\"><strong data-start=\"1961\" data-end=\"1976\">Analityczne<\/strong> \u2013 zbieraj\u0105 anonimowe dane na temat odwiedzin strony (np. Google Analytics).<\/p><\/li><li data-start=\"2053\" data-end=\"2158\"><p data-start=\"2055\" data-end=\"2158\"><strong data-start=\"2055\" data-end=\"2071\">Marketingowe<\/strong> \u2013 wykorzystywane przy korzystaniu z zewn\u0119trznych narz\u0119dzi (np. YouTube, Google Fonts).<\/p><\/li><\/ul>\t\t\t\t\t\t\t\t<\/div>\n\t\t\t\t<\/div>\n\t\t\t\t<div class=\"elementor-element elementor-element-d1cd237 elementor-widget elementor-widget-heading\" data-id=\"d1cd237\" data-element_type=\"widget\" data-e-type=\"widget\" data-widget_type=\"heading.default\">\n\t\t\t\t<div class=\"elementor-widget-container\">\n\t\t\t\t\t<h2 class=\"elementor-heading-title elementor-size-default\">Zarz\u0105dzanie cookies<\/h2>\t\t\t\t<\/div>\n\t\t\t\t<\/div>\n\t\t\t\t<div class=\"elementor-element elementor-element-02870bf elementor-widget__width-inherit elementor-widget-mobile__width-initial elementor-widget elementor-widget-text-editor\" data-id=\"02870bf\" data-element_type=\"widget\" data-e-type=\"widget\" data-widget_type=\"text-editor.default\">\n\t\t\t\t<div class=\"elementor-widget-container\">\n\t\t\t\t\t\t\t\t\t<p>U\u017cytkownik mo\u017ce w ka\u017cdej chwili zmieni\u0107 ustawienia swojej przegl\u0105darki lub zarz\u0105dza\u0107 zgodami za pomoc\u0105 banera cookies na stronie.<\/p>\t\t\t\t\t\t\t\t<\/div>\n\t\t\t\t<\/div>\n\t\t\t\t<\/div>\n\t\t\t\t\t<\/div>\n\t\t\t\t<\/div>\n\t\t\t\t<\/div>\n\t\t","protected":false},"excerpt":{"rendered":"<p>Polityka prywatno\u015bci Administratorem danych osobowych przetwarzanych na stronie rozalskidesign.pl jest Filip R\u00f3\u017calski. Mo\u017cesz skontaktowa\u0107 si\u0119 ze mn\u0105 pod adresem e-mail: f.s.rozalski@gmail.com Jakie dane zbieram? Przez formularz kontaktowy zbieram imi\u0119, adres e-mail oraz tre\u015b\u0107 wiadomo\u015bci. Dane te s\u0105 wykorzystywane wy\u0142\u0105cznie w celu odpowiedzi na przes\u0142ane zapytanie. Podstawa prawna przetwarzania danych Podstaw\u0105 przetwarzania danych osobowych jest zgoda [&hellip;]<\/p>\n","protected":false},"author":1,"featured_media":0,"parent":0,"menu_order":0,"comment_status":"closed","ping_status":"closed","template":"","meta":{"_acf_changed":false,"footnotes":""},"class_list":["post-1349","page","type-page","status-publish","hentry"],"acf":[],"yoast_head":"<!-- This site is optimized with the Yoast SEO plugin v27.4 - https:\/\/yoast.com\/product\/yoast-seo-wordpress\/ -->\n<title>Polityka prywatno\u015bci - Filip R&oacute;\u017calski<\/title>\n<meta name=\"robots\" content=\"index, follow, max-snippet:-1, max-image-preview:large, max-video-preview:-1\" \/>\n<link rel=\"canonical\" href=\"https:\/\/www.rozalskidesign.pl\/index.php\/polityka-prywatnosci\/\" \/>\n<meta property=\"og:locale\" content=\"pl_PL\" \/>\n<meta property=\"og:type\" content=\"article\" \/>\n<meta property=\"og:title\" content=\"Polityka prywatno\u015bci - Filip R&oacute;\u017calski\" \/>\n<meta property=\"og:description\" content=\"Polityka prywatno\u015bci Administratorem danych osobowych przetwarzanych na stronie rozalskidesign.pl jest Filip R\u00f3\u017calski. Mo\u017cesz skontaktowa\u0107 si\u0119 ze mn\u0105 pod adresem e-mail: f.s.rozalski@gmail.com Jakie dane zbieram? Przez formularz kontaktowy zbieram imi\u0119, adres e-mail oraz tre\u015b\u0107 wiadomo\u015bci. Dane te s\u0105 wykorzystywane wy\u0142\u0105cznie w celu odpowiedzi na przes\u0142ane zapytanie. Podstawa prawna przetwarzania danych Podstaw\u0105 przetwarzania danych osobowych jest zgoda [&hellip;]\" \/>\n<meta property=\"og:url\" content=\"https:\/\/www.rozalskidesign.pl\/index.php\/polityka-prywatnosci\/\" \/>\n<meta property=\"og:site_name\" content=\"Filip R&oacute;\u017calski\" \/>\n<meta property=\"article:modified_time\" content=\"2025-06-01T15:17:58+00:00\" \/>\n<meta name=\"twitter:card\" content=\"summary_large_image\" \/>\n<meta name=\"twitter:label1\" content=\"Szacowany czas czytania\" \/>\n\t<meta name=\"twitter:data1\" content=\"2 minuty\" \/>\n<script type=\"application\/ld+json\" class=\"yoast-schema-graph\">{\"@context\":\"https:\\\/\\\/schema.org\",\"@graph\":[{\"@type\":\"WebPage\",\"@id\":\"https:\\\/\\\/www.rozalskidesign.pl\\\/index.php\\\/polityka-prywatnosci\\\/\",\"url\":\"https:\\\/\\\/www.rozalskidesign.pl\\\/index.php\\\/polityka-prywatnosci\\\/\",\"name\":\"Polityka prywatno\u015bci - Filip R&oacute;\u017calski\",\"isPartOf\":{\"@id\":\"https:\\\/\\\/www.rozalskidesign.pl\\\/#website\"},\"datePublished\":\"2025-06-01T14:39:24+00:00\",\"dateModified\":\"2025-06-01T15:17:58+00:00\",\"breadcrumb\":{\"@id\":\"https:\\\/\\\/www.rozalskidesign.pl\\\/index.php\\\/polityka-prywatnosci\\\/#breadcrumb\"},\"inLanguage\":\"pl-PL\",\"potentialAction\":[{\"@type\":\"ReadAction\",\"target\":[\"https:\\\/\\\/www.rozalskidesign.pl\\\/index.php\\\/polityka-prywatnosci\\\/\"]}]},{\"@type\":\"BreadcrumbList\",\"@id\":\"https:\\\/\\\/www.rozalskidesign.pl\\\/index.php\\\/polityka-prywatnosci\\\/#breadcrumb\",\"itemListElement\":[{\"@type\":\"ListItem\",\"position\":1,\"name\":\"Strona g\u0142\u00f3wna\",\"item\":\"https:\\\/\\\/www.rozalskidesign.pl\\\/\"},{\"@type\":\"ListItem\",\"position\":2,\"name\":\"Polityka prywatno\u015bci\"}]},{\"@type\":\"WebSite\",\"@id\":\"https:\\\/\\\/www.rozalskidesign.pl\\\/#website\",\"url\":\"https:\\\/\\\/www.rozalskidesign.pl\\\/\",\"name\":\"Filip R\u00f3\u017calski\",\"description\":\"Portfolio\",\"publisher\":{\"@id\":\"https:\\\/\\\/www.rozalskidesign.pl\\\/#\\\/schema\\\/person\\\/f72f72ef5ca776884a3bb7272e6c05c1\"},\"potentialAction\":[{\"@type\":\"SearchAction\",\"target\":{\"@type\":\"EntryPoint\",\"urlTemplate\":\"https:\\\/\\\/www.rozalskidesign.pl\\\/?s={search_term_string}\"},\"query-input\":{\"@type\":\"PropertyValueSpecification\",\"valueRequired\":true,\"valueName\":\"search_term_string\"}}],\"inLanguage\":\"pl-PL\"},{\"@type\":[\"Person\",\"Organization\"],\"@id\":\"https:\\\/\\\/www.rozalskidesign.pl\\\/#\\\/schema\\\/person\\\/f72f72ef5ca776884a3bb7272e6c05c1\",\"name\":\"admin\",\"image\":{\"@type\":\"ImageObject\",\"inLanguage\":\"pl-PL\",\"@id\":\"https:\\\/\\\/www.rozalskidesign.pl\\\/wp-content\\\/uploads\\\/2025\\\/05\\\/IMG_0182-e1748709130999.webp\",\"url\":\"https:\\\/\\\/www.rozalskidesign.pl\\\/wp-content\\\/uploads\\\/2025\\\/05\\\/IMG_0182-e1748709130999.webp\",\"contentUrl\":\"https:\\\/\\\/www.rozalskidesign.pl\\\/wp-content\\\/uploads\\\/2025\\\/05\\\/IMG_0182-e1748709130999.webp\",\"width\":1080,\"height\":610,\"caption\":\"admin\"},\"logo\":{\"@id\":\"https:\\\/\\\/www.rozalskidesign.pl\\\/wp-content\\\/uploads\\\/2025\\\/05\\\/IMG_0182-e1748709130999.webp\"},\"sameAs\":[\"https:\\\/\\\/www.rozalskidesign.pl\"]}]}<\/script>\n<!-- \/ Yoast SEO plugin. -->","yoast_head_json":{"title":"Polityka prywatno\u015bci - Filip R&oacute;\u017calski","robots":{"index":"index","follow":"follow","max-snippet":"max-snippet:-1","max-image-preview":"max-image-preview:large","max-video-preview":"max-video-preview:-1"},"canonical":"https:\/\/www.rozalskidesign.pl\/index.php\/polityka-prywatnosci\/","og_locale":"pl_PL","og_type":"article","og_title":"Polityka prywatno\u015bci - Filip R&oacute;\u017calski","og_description":"Polityka prywatno\u015bci Administratorem danych osobowych przetwarzanych na stronie rozalskidesign.pl jest Filip R\u00f3\u017calski. Mo\u017cesz skontaktowa\u0107 si\u0119 ze mn\u0105 pod adresem e-mail: f.s.rozalski@gmail.com Jakie dane zbieram? Przez formularz kontaktowy zbieram imi\u0119, adres e-mail oraz tre\u015b\u0107 wiadomo\u015bci. Dane te s\u0105 wykorzystywane wy\u0142\u0105cznie w celu odpowiedzi na przes\u0142ane zapytanie. Podstawa prawna przetwarzania danych Podstaw\u0105 przetwarzania danych osobowych jest zgoda [&hellip;]","og_url":"https:\/\/www.rozalskidesign.pl\/index.php\/polityka-prywatnosci\/","og_site_name":"Filip R&oacute;\u017calski","article_modified_time":"2025-06-01T15:17:58+00:00","twitter_card":"summary_large_image","twitter_misc":{"Szacowany czas czytania":"2 minuty"},"schema":{"@context":"https:\/\/schema.org","@graph":[{"@type":"WebPage","@id":"https:\/\/www.rozalskidesign.pl\/index.php\/polityka-prywatnosci\/","url":"https:\/\/www.rozalskidesign.pl\/index.php\/polityka-prywatnosci\/","name":"Polityka prywatno\u015bci - Filip R&oacute;\u017calski","isPartOf":{"@id":"https:\/\/www.rozalskidesign.pl\/#website"},"datePublished":"2025-06-01T14:39:24+00:00","dateModified":"2025-06-01T15:17:58+00:00","breadcrumb":{"@id":"https:\/\/www.rozalskidesign.pl\/index.php\/polityka-prywatnosci\/#breadcrumb"},"inLanguage":"pl-PL","potentialAction":[{"@type":"ReadAction","target":["https:\/\/www.rozalskidesign.pl\/index.php\/polityka-prywatnosci\/"]}]},{"@type":"BreadcrumbList","@id":"https:\/\/www.rozalskidesign.pl\/index.php\/polityka-prywatnosci\/#breadcrumb","itemListElement":[{"@type":"ListItem","position":1,"name":"Strona g\u0142\u00f3wna","item":"https:\/\/www.rozalskidesign.pl\/"},{"@type":"ListItem","position":2,"name":"Polityka prywatno\u015bci"}]},{"@type":"WebSite","@id":"https:\/\/www.rozalskidesign.pl\/#website","url":"https:\/\/www.rozalskidesign.pl\/","name":"Filip R\u00f3\u017calski","description":"Portfolio","publisher":{"@id":"https:\/\/www.rozalskidesign.pl\/#\/schema\/person\/f72f72ef5ca776884a3bb7272e6c05c1"},"potentialAction":[{"@type":"SearchAction","target":{"@type":"EntryPoint","urlTemplate":"https:\/\/www.rozalskidesign.pl\/?s={search_term_string}"},"query-input":{"@type":"PropertyValueSpecification","valueRequired":true,"valueName":"search_term_string"}}],"inLanguage":"pl-PL"},{"@type":["Person","Organization"],"@id":"https:\/\/www.rozalskidesign.pl\/#\/schema\/person\/f72f72ef5ca776884a3bb7272e6c05c1","name":"admin","image":{"@type":"ImageObject","inLanguage":"pl-PL","@id":"https:\/\/www.rozalskidesign.pl\/wp-content\/uploads\/2025\/05\/IMG_0182-e1748709130999.webp","url":"https:\/\/www.rozalskidesign.pl\/wp-content\/uploads\/2025\/05\/IMG_0182-e1748709130999.webp","contentUrl":"https:\/\/www.rozalskidesign.pl\/wp-content\/uploads\/2025\/05\/IMG_0182-e1748709130999.webp","width":1080,"height":610,"caption":"admin"},"logo":{"@id":"https:\/\/www.rozalskidesign.pl\/wp-content\/uploads\/2025\/05\/IMG_0182-e1748709130999.webp"},"sameAs":["https:\/\/www.rozalskidesign.pl"]}]}},"_links":{"self":[{"href":"https:\/\/www.rozalskidesign.pl\/index.php\/wp-json\/wp\/v2\/pages\/1349","targetHints":{"allow":["GET"]}}],"collection":[{"href":"https:\/\/www.rozalskidesign.pl\/index.php\/wp-json\/wp\/v2\/pages"}],"about":[{"href":"https:\/\/www.rozalskidesign.pl\/index.php\/wp-json\/wp\/v2\/types\/page"}],"author":[{"embeddable":true,"href":"https:\/\/www.rozalskidesign.pl\/index.php\/wp-json\/wp\/v2\/users\/1"}],"replies":[{"embeddable":true,"href":"https:\/\/www.rozalskidesign.pl\/index.php\/wp-json\/wp\/v2\/comments?post=1349"}],"version-history":[{"count":13,"href":"https:\/\/www.rozalskidesign.pl\/index.php\/wp-json\/wp\/v2\/pages\/1349\/revisions"}],"predecessor-version":[{"id":1371,"href":"https:\/\/www.rozalskidesign.pl\/index.php\/wp-json\/wp\/v2\/pages\/1349\/revisions\/1371"}],"wp:attachment":[{"href":"https:\/\/www.rozalskidesign.pl\/index.php\/wp-json\/wp\/v2\/media?parent=1349"}],"curies":[{"name":"wp","href":"https:\/\/api.w.org\/{rel}","templated":true}]}}