{"id":1567,"date":"2025-06-13T01:48:27","date_gmt":"2025-06-13T01:48:27","guid":{"rendered":"https:\/\/www.rozalskidesign.pl\/?page_id=1567"},"modified":"2025-06-24T18:16:46","modified_gmt":"2025-06-24T18:16:46","slug":"gra-obetnij-pazurki-bogusiowi","status":"publish","type":"page","link":"https:\/\/www.rozalskidesign.pl\/index.php\/gra-obetnij-pazurki-bogusiowi\/","title":{"rendered":"Gra: Obetnij pazurki Bogusiowi"},"content":{"rendered":"\t\t<div data-elementor-type=\"wp-page\" data-elementor-id=\"1567\" class=\"elementor elementor-1567\" data-elementor-post-type=\"page\">\n\t\t\t\t<div class=\"elementor-element elementor-element-e6413ce gradient-background e-flex e-con-boxed e-con e-parent\" data-id=\"e6413ce\" data-element_type=\"container\" data-e-type=\"container\">\n\t\t\t\t\t<div class=\"e-con-inner\">\n\t\t<div class=\"elementor-element elementor-element-3b1b7b4 e-con-full e-flex e-con e-child\" data-id=\"3b1b7b4\" data-element_type=\"container\" data-e-type=\"container\" data-settings=\"{&quot;background_background&quot;:&quot;classic&quot;}\">\n\t\t<div class=\"elementor-element elementor-element-e675d76 e-con-full e-flex e-con e-child\" data-id=\"e675d76\" data-element_type=\"container\" data-e-type=\"container\">\n\t\t\t\t<div class=\"elementor-element elementor-element-007aa3b elementor-view-default elementor-widget elementor-widget-icon\" data-id=\"007aa3b\" data-element_type=\"widget\" data-e-type=\"widget\" data-widget_type=\"icon.default\">\n\t\t\t\t<div class=\"elementor-widget-container\">\n\t\t\t\t\t\t\t<div class=\"elementor-icon-wrapper\">\n\t\t\t<div class=\"elementor-icon\">\n\t\t\t<svg aria-hidden=\"true\" class=\"e-font-icon-svg e-fas-paw\" viewBox=\"0 0 512 512\" xmlns=\"http:\/\/www.w3.org\/2000\/svg\"><path d=\"M256 224c-79.41 0-192 122.76-192 200.25 0 34.9 26.81 55.75 71.74 55.75 48.84 0 81.09-25.08 120.26-25.08 39.51 0 71.85 25.08 120.26 25.08 44.93 0 71.74-20.85 71.74-55.75C448 346.76 335.41 224 256 224zm-147.28-12.61c-10.4-34.65-42.44-57.09-71.56-50.13-29.12 6.96-44.29 40.69-33.89 75.34 10.4 34.65 42.44 57.09 71.56 50.13 29.12-6.96 44.29-40.69 33.89-75.34zm84.72-20.78c30.94-8.14 46.42-49.94 34.58-93.36s-46.52-72.01-77.46-63.87-46.42 49.94-34.58 93.36c11.84 43.42 46.53 72.02 77.46 63.87zm281.39-29.34c-29.12-6.96-61.15 15.48-71.56 50.13-10.4 34.65 4.77 68.38 33.89 75.34 29.12 6.96 61.15-15.48 71.56-50.13 10.4-34.65-4.77-68.38-33.89-75.34zm-156.27 29.34c30.94 8.14 65.62-20.45 77.46-63.87 11.84-43.42-3.64-85.21-34.58-93.36s-65.62 20.45-77.46 63.87c-11.84 43.42 3.64 85.22 34.58 93.36z\"><\/path><\/svg>\t\t\t<\/div>\n\t\t<\/div>\n\t\t\t\t\t\t<\/div>\n\t\t\t\t<\/div>\n\t\t\t\t<div class=\"elementor-element elementor-element-0a821fd elementor-widget elementor-widget-heading\" data-id=\"0a821fd\" data-element_type=\"widget\" data-e-type=\"widget\" data-settings=\"{&quot;motion_fx_motion_fx_scrolling&quot;:&quot;yes&quot;,&quot;motion_fx_translateY_effect&quot;:&quot;yes&quot;,&quot;motion_fx_translateY_speed&quot;:{&quot;unit&quot;:&quot;px&quot;,&quot;size&quot;:0.3,&quot;sizes&quot;:[]},&quot;motion_fx_opacity_effect&quot;:&quot;yes&quot;,&quot;motion_fx_opacity_range&quot;:{&quot;unit&quot;:&quot;%&quot;,&quot;size&quot;:&quot;&quot;,&quot;sizes&quot;:{&quot;start&quot;:0,&quot;end&quot;:25}},&quot;motion_fx_translateY_affectedRange&quot;:{&quot;unit&quot;:&quot;%&quot;,&quot;size&quot;:&quot;&quot;,&quot;sizes&quot;:{&quot;start&quot;:0,&quot;end&quot;:25}},&quot;motion_fx_opacity_direction&quot;:&quot;out-in&quot;,&quot;motion_fx_opacity_level&quot;:{&quot;unit&quot;:&quot;px&quot;,&quot;size&quot;:10,&quot;sizes&quot;:[]},&quot;motion_fx_devices&quot;:[&quot;desktop&quot;,&quot;tablet&quot;,&quot;mobile&quot;]}\" data-widget_type=\"heading.default\">\n\t\t\t\t<div class=\"elementor-widget-container\">\n\t\t\t\t\t<h2 class=\"elementor-heading-title elementor-size-default\">Obcinanie pazurk\u00f3w Bogusia<\/h2>\t\t\t\t<\/div>\n\t\t\t\t<\/div>\n\t\t\t\t<div class=\"elementor-element elementor-element-4db7048 elementor-widget elementor-widget-heading\" data-id=\"4db7048\" data-element_type=\"widget\" data-e-type=\"widget\" data-settings=\"{&quot;motion_fx_motion_fx_scrolling&quot;:&quot;yes&quot;,&quot;motion_fx_translateY_effect&quot;:&quot;yes&quot;,&quot;motion_fx_translateY_speed&quot;:{&quot;unit&quot;:&quot;px&quot;,&quot;size&quot;:0.3,&quot;sizes&quot;:[]},&quot;motion_fx_opacity_effect&quot;:&quot;yes&quot;,&quot;motion_fx_opacity_range&quot;:{&quot;unit&quot;:&quot;%&quot;,&quot;size&quot;:&quot;&quot;,&quot;sizes&quot;:{&quot;start&quot;:0,&quot;end&quot;:25}},&quot;motion_fx_translateY_affectedRange&quot;:{&quot;unit&quot;:&quot;%&quot;,&quot;size&quot;:&quot;&quot;,&quot;sizes&quot;:{&quot;start&quot;:0,&quot;end&quot;:25}},&quot;motion_fx_opacity_direction&quot;:&quot;out-in&quot;,&quot;motion_fx_opacity_level&quot;:{&quot;unit&quot;:&quot;px&quot;,&quot;size&quot;:10,&quot;sizes&quot;:[]},&quot;motion_fx_devices&quot;:[&quot;desktop&quot;,&quot;tablet&quot;,&quot;mobile&quot;]}\" data-widget_type=\"heading.default\">\n\t\t\t\t<div class=\"elementor-widget-container\">\n\t\t\t\t\t<h2 class=\"elementor-heading-title elementor-size-default\">Zagraj w moj\u0105 mini gr\u0119!<\/h2>\t\t\t\t<\/div>\n\t\t\t\t<\/div>\n\t\t\t\t<div class=\"elementor-element elementor-element-66ed4a4 elementor-widget-mobile__width-initial elementor-widget elementor-widget-text-editor\" data-id=\"66ed4a4\" data-element_type=\"widget\" data-e-type=\"widget\" data-settings=\"{&quot;motion_fx_motion_fx_scrolling&quot;:&quot;yes&quot;,&quot;motion_fx_translateY_effect&quot;:&quot;yes&quot;,&quot;motion_fx_translateY_speed&quot;:{&quot;unit&quot;:&quot;px&quot;,&quot;size&quot;:0.3,&quot;sizes&quot;:[]},&quot;motion_fx_opacity_effect&quot;:&quot;yes&quot;,&quot;motion_fx_opacity_range&quot;:{&quot;unit&quot;:&quot;%&quot;,&quot;size&quot;:&quot;&quot;,&quot;sizes&quot;:{&quot;start&quot;:0,&quot;end&quot;:25}},&quot;motion_fx_translateY_affectedRange&quot;:{&quot;unit&quot;:&quot;%&quot;,&quot;size&quot;:&quot;&quot;,&quot;sizes&quot;:{&quot;start&quot;:0,&quot;end&quot;:25}},&quot;motion_fx_opacity_direction&quot;:&quot;out-in&quot;,&quot;motion_fx_opacity_level&quot;:{&quot;unit&quot;:&quot;px&quot;,&quot;size&quot;:10,&quot;sizes&quot;:[]},&quot;motion_fx_devices&quot;:[&quot;desktop&quot;,&quot;tablet&quot;,&quot;mobile&quot;]}\" data-widget_type=\"text-editor.default\">\n\t\t\t\t<div class=\"elementor-widget-container\">\n\t\t\t\t\t\t\t\t\t<p>Obetnij <strong>5 pazurk\u00f3w<\/strong> w jak najkr\u00f3tszym czasie! Cierpliwo\u015b\u0107 Bogusia szybko si\u0119 ko\u0144czy, szczeg\u00f3lnie gdy trafianie w pazurki sprawia problem&#8230;<\/p>\t\t\t\t\t\t\t\t<\/div>\n\t\t\t\t<\/div>\n\t\t\t\t<div class=\"elementor-element elementor-element-83d9235 elementor-widget-mobile__width-initial elementor-widget elementor-widget-text-editor\" data-id=\"83d9235\" data-element_type=\"widget\" data-e-type=\"widget\" data-settings=\"{&quot;motion_fx_motion_fx_scrolling&quot;:&quot;yes&quot;,&quot;motion_fx_translateY_effect&quot;:&quot;yes&quot;,&quot;motion_fx_translateY_speed&quot;:{&quot;unit&quot;:&quot;px&quot;,&quot;size&quot;:0.3,&quot;sizes&quot;:[]},&quot;motion_fx_opacity_effect&quot;:&quot;yes&quot;,&quot;motion_fx_opacity_range&quot;:{&quot;unit&quot;:&quot;%&quot;,&quot;size&quot;:&quot;&quot;,&quot;sizes&quot;:{&quot;start&quot;:0,&quot;end&quot;:25}},&quot;motion_fx_translateY_affectedRange&quot;:{&quot;unit&quot;:&quot;%&quot;,&quot;size&quot;:&quot;&quot;,&quot;sizes&quot;:{&quot;start&quot;:0,&quot;end&quot;:25}},&quot;motion_fx_opacity_direction&quot;:&quot;out-in&quot;,&quot;motion_fx_opacity_level&quot;:{&quot;unit&quot;:&quot;px&quot;,&quot;size&quot;:10,&quot;sizes&quot;:[]},&quot;motion_fx_devices&quot;:[&quot;desktop&quot;,&quot;tablet&quot;,&quot;mobile&quot;]}\" data-widget_type=\"text-editor.default\">\n\t\t\t\t<div class=\"elementor-widget-container\">\n\t\t\t\t\t\t\t\t\t<p><strong>Wykorzystane narz\u0119dzia:<\/strong><\/p>\t\t\t\t\t\t\t\t<\/div>\n\t\t\t\t<\/div>\n\t\t<div class=\"elementor-element elementor-element-570e5f6 e-con-full e-flex e-con e-child\" data-id=\"570e5f6\" data-element_type=\"container\" data-e-type=\"container\" data-settings=\"{&quot;motion_fx_motion_fx_scrolling&quot;:&quot;yes&quot;,&quot;motion_fx_translateY_effect&quot;:&quot;yes&quot;,&quot;motion_fx_translateY_speed&quot;:{&quot;unit&quot;:&quot;px&quot;,&quot;size&quot;:0.3,&quot;sizes&quot;:[]},&quot;motion_fx_translateY_affectedRange&quot;:{&quot;unit&quot;:&quot;%&quot;,&quot;size&quot;:&quot;&quot;,&quot;sizes&quot;:{&quot;start&quot;:0,&quot;end&quot;:25}},&quot;motion_fx_opacity_effect&quot;:&quot;yes&quot;,&quot;motion_fx_opacity_range&quot;:{&quot;unit&quot;:&quot;%&quot;,&quot;size&quot;:&quot;&quot;,&quot;sizes&quot;:{&quot;start&quot;:0,&quot;end&quot;:25}},&quot;motion_fx_opacity_direction&quot;:&quot;out-in&quot;,&quot;motion_fx_opacity_level&quot;:{&quot;unit&quot;:&quot;px&quot;,&quot;size&quot;:10,&quot;sizes&quot;:[]},&quot;motion_fx_devices&quot;:[&quot;desktop&quot;,&quot;tablet&quot;,&quot;mobile&quot;]}\">\n\t\t\t\t<div class=\"elementor-element elementor-element-1217338 elementor-widget__width-initial elementor-widget elementor-widget-text-editor\" data-id=\"1217338\" data-element_type=\"widget\" data-e-type=\"widget\" data-widget_type=\"text-editor.default\">\n\t\t\t\t<div class=\"elementor-widget-container\">\n\t\t\t\t\t\t\t\t\t<p>JavaScript<\/p>\t\t\t\t\t\t\t\t<\/div>\n\t\t\t\t<\/div>\n\t\t\t\t<div class=\"elementor-element elementor-element-f2ac516 elementor-widget__width-initial elementor-widget elementor-widget-text-editor\" data-id=\"f2ac516\" data-element_type=\"widget\" data-e-type=\"widget\" data-widget_type=\"text-editor.default\">\n\t\t\t\t<div class=\"elementor-widget-container\">\n\t\t\t\t\t\t\t\t\t<p>HTML \/ CSS<\/p>\t\t\t\t\t\t\t\t<\/div>\n\t\t\t\t<\/div>\n\t\t\t\t<div class=\"elementor-element elementor-element-aaaec29 elementor-widget__width-initial elementor-widget elementor-widget-text-editor\" data-id=\"aaaec29\" data-element_type=\"widget\" data-e-type=\"widget\" data-widget_type=\"text-editor.default\">\n\t\t\t\t<div class=\"elementor-widget-container\">\n\t\t\t\t\t\t\t\t\t<p>PHP \/ MySQL<\/p>\t\t\t\t\t\t\t\t<\/div>\n\t\t\t\t<\/div>\n\t\t\t\t<div class=\"elementor-element elementor-element-030ddcb elementor-widget__width-initial elementor-widget elementor-widget-text-editor\" data-id=\"030ddcb\" data-element_type=\"widget\" data-e-type=\"widget\" data-widget_type=\"text-editor.default\">\n\t\t\t\t<div class=\"elementor-widget-container\">\n\t\t\t\t\t\t\t\t\t<p>Procreate<\/p>\t\t\t\t\t\t\t\t<\/div>\n\t\t\t\t<\/div>\n\t\t\t\t<\/div>\n\t\t\t\t<div class=\"elementor-element elementor-element-c9a27ec elementor-widget-mobile__width-initial elementor-widget elementor-widget-text-editor\" data-id=\"c9a27ec\" data-element_type=\"widget\" data-e-type=\"widget\" data-settings=\"{&quot;motion_fx_motion_fx_scrolling&quot;:&quot;yes&quot;,&quot;motion_fx_translateY_effect&quot;:&quot;yes&quot;,&quot;motion_fx_translateY_speed&quot;:{&quot;unit&quot;:&quot;px&quot;,&quot;size&quot;:0.3,&quot;sizes&quot;:[]},&quot;motion_fx_opacity_effect&quot;:&quot;yes&quot;,&quot;motion_fx_opacity_range&quot;:{&quot;unit&quot;:&quot;%&quot;,&quot;size&quot;:&quot;&quot;,&quot;sizes&quot;:{&quot;start&quot;:0,&quot;end&quot;:25}},&quot;motion_fx_translateY_affectedRange&quot;:{&quot;unit&quot;:&quot;%&quot;,&quot;size&quot;:&quot;&quot;,&quot;sizes&quot;:{&quot;start&quot;:0,&quot;end&quot;:25}},&quot;motion_fx_opacity_direction&quot;:&quot;out-in&quot;,&quot;motion_fx_opacity_level&quot;:{&quot;unit&quot;:&quot;px&quot;,&quot;size&quot;:10,&quot;sizes&quot;:[]},&quot;motion_fx_devices&quot;:[&quot;desktop&quot;,&quot;tablet&quot;,&quot;mobile&quot;]}\" data-widget_type=\"text-editor.default\">\n\t\t\t\t<div class=\"elementor-widget-container\">\n\t\t\t\t\t\t\t\t\t<p><strong>Opis procesu tworzenia:<\/strong><\/p><p>Pierwszym etapem by\u0142a idea oraz wst\u0119pne szkice ekran\u00f3w. Nast\u0119pnie wykona\u0142em wszystkie rysunki w Procreate, z uwzgl\u0119dnieniem podzia\u0142u na warstwy, kt\u00f3re w back-endzie b\u0119d\u0105 wchodzi\u0142y w interakcje z u\u017cytkownikiem i np. zmienia\u0142y sw\u00f3j stan.<\/p><p>Gdy wszystkie elementy mia\u0142em wyeksportowane w folderze, zacz\u0105\u0142em tworzy\u0107 struktur\u0119 html oraz style css, po czym przeszed\u0142em do tworzenia programu za pomoc\u0105 JavaScript. Wi\u0119kszo\u015b\u0107 funkcji, np. poruszania \u0142apk\u0105 czy zdobywanie punkt\u00f3w nie sprawi\u0142y mi k\u0142opotu. Gdy napotyka\u0142em jakie\u015b trudno\u015bci, potrafi\u0142em je szybko rozwi\u0105za\u0107.<\/p>\t\t\t\t\t\t\t\t<\/div>\n\t\t\t\t<\/div>\n\t\t\t\t<div class=\"elementor-element elementor-element-776e1b7 elementor-align-left elementor-hidden-desktop elementor-widget elementor-widget-button\" data-id=\"776e1b7\" data-element_type=\"widget\" data-e-type=\"widget\" data-widget_type=\"button.default\">\n\t\t\t\t<div class=\"elementor-widget-container\">\n\t\t\t\t\t\t\t\t\t<div class=\"elementor-button-wrapper\">\n\t\t\t\t\t<a class=\"elementor-button elementor-button-link elementor-size-sm\" href=\"#elementor-action%3Aaction%3Dpopup%3Aopen%26settings%3DeyJpZCI6IjE3MDQiLCJ0b2dnbGUiOmZhbHNlfQ%3D%3D\">\n\t\t\t\t\t\t<span class=\"elementor-button-content-wrapper\">\n\t\t\t\t\t\t\t\t\t<span class=\"elementor-button-text\">Zagraj w gr\u0119!<\/span>\n\t\t\t\t\t<\/span>\n\t\t\t\t\t<\/a>\n\t\t\t\t<\/div>\n\t\t\t\t\t\t\t\t<\/div>\n\t\t\t\t<\/div>\n\t\t\t\t<\/div>\n\t\t<div class=\"elementor-element elementor-element-4c13e1e e-con-full elementor-hidden-tablet elementor-hidden-mobile e-flex e-con e-child\" data-id=\"4c13e1e\" data-element_type=\"container\" data-e-type=\"container\">\n\t\t\t\t<div class=\"elementor-element elementor-element-635810b elementor-widget__width-initial elementor-widget elementor-widget-html\" data-id=\"635810b\" data-element_type=\"widget\" data-e-type=\"widget\" data-widget_type=\"html.default\">\n\t\t\t\t<div class=\"elementor-widget-container\">\n\t\t\t\t\t<iframe src=\"https:\/\/rozalskidesign.pl\/gra-pazurki\/index.html\r\n\"\r\n        width=\"500\"\r\n        height=\"596\"\r\n        style=\"border:none;\r\n        padding-top: 48px;\r\n        justify-content: center;\r\n  align-items: center;\r\n        display:flex; margin: 0 auto;\"><\/iframe>\r\n\t\t\t\t<\/div>\n\t\t\t\t<\/div>\n\t\t\t\t<\/div>\n\t\t\t\t<\/div>\n\t\t\t\t\t<\/div>\n\t\t\t\t<\/div>\n\t\t<div class=\"elementor-element elementor-element-49bbacb elementor-hidden-desktop elementor-hidden-tablet e-flex e-con-boxed e-con e-parent\" data-id=\"49bbacb\" data-element_type=\"container\" data-e-type=\"container\" data-settings=\"{&quot;background_background&quot;:&quot;gradient&quot;}\">\n\t\t\t\t\t<div class=\"e-con-inner\">\n\t\t\t\t\t<\/div>\n\t\t\t\t<\/div>\n\t\t\t\t<\/div>\n\t\t","protected":false},"excerpt":{"rendered":"<p>Obcinanie pazurk\u00f3w Bogusia Zagraj w moj\u0105 mini gr\u0119! Obetnij 5 pazurk\u00f3w w jak najkr\u00f3tszym czasie! Cierpliwo\u015b\u0107 Bogusia szybko si\u0119 ko\u0144czy, szczeg\u00f3lnie gdy trafianie w pazurki sprawia problem&#8230; Wykorzystane narz\u0119dzia: JavaScript HTML \/ CSS PHP \/ MySQL Procreate Opis procesu tworzenia: Pierwszym etapem by\u0142a idea oraz wst\u0119pne szkice ekran\u00f3w. Nast\u0119pnie wykona\u0142em wszystkie rysunki w Procreate, z [&hellip;]<\/p>\n","protected":false},"author":1,"featured_media":0,"parent":0,"menu_order":0,"comment_status":"closed","ping_status":"closed","template":"","meta":{"_acf_changed":false,"footnotes":""},"class_list":["post-1567","page","type-page","status-publish","hentry"],"acf":[],"yoast_head":"<!-- This site is optimized with the Yoast SEO plugin v27.4 - https:\/\/yoast.com\/product\/yoast-seo-wordpress\/ -->\n<title>Gra: Obetnij pazurki Bogusiowi - Filip R&oacute;\u017calski<\/title>\n<meta name=\"description\" content=\"Napisz do mnie \u2013 ch\u0119tnie opowiem wi\u0119cej o swoim podej\u015bciu do projekt\u00f3w i sprawdzimy, czy mo\u017cemy razem co\u015b stworzy\u0107.\" \/>\n<meta name=\"robots\" content=\"index, follow, max-snippet:-1, max-image-preview:large, max-video-preview:-1\" \/>\n<link rel=\"canonical\" href=\"https:\/\/www.rozalskidesign.pl\/index.php\/gra-obetnij-pazurki-bogusiowi\/\" \/>\n<meta property=\"og:locale\" content=\"pl_PL\" \/>\n<meta property=\"og:type\" content=\"article\" \/>\n<meta property=\"og:title\" content=\"Gra: Obetnij pazurki Bogusiowi - Filip R&oacute;\u017calski\" \/>\n<meta property=\"og:description\" content=\"Napisz do mnie \u2013 ch\u0119tnie opowiem wi\u0119cej o swoim podej\u015bciu do projekt\u00f3w i sprawdzimy, czy mo\u017cemy razem co\u015b stworzy\u0107.\" \/>\n<meta property=\"og:url\" content=\"https:\/\/www.rozalskidesign.pl\/index.php\/gra-obetnij-pazurki-bogusiowi\/\" \/>\n<meta property=\"og:site_name\" content=\"Filip R&oacute;\u017calski\" \/>\n<meta property=\"article:modified_time\" content=\"2025-06-24T18:16:46+00:00\" \/>\n<meta name=\"twitter:card\" content=\"summary_large_image\" \/>\n<meta name=\"twitter:label1\" content=\"Szacowany czas czytania\" \/>\n\t<meta name=\"twitter:data1\" content=\"1 minuta\" \/>\n<script type=\"application\/ld+json\" class=\"yoast-schema-graph\">{\"@context\":\"https:\\\/\\\/schema.org\",\"@graph\":[{\"@type\":\"WebPage\",\"@id\":\"https:\\\/\\\/www.rozalskidesign.pl\\\/index.php\\\/gra-obetnij-pazurki-bogusiowi\\\/\",\"url\":\"https:\\\/\\\/www.rozalskidesign.pl\\\/index.php\\\/gra-obetnij-pazurki-bogusiowi\\\/\",\"name\":\"Gra: Obetnij pazurki Bogusiowi - Filip R&oacute;\u017calski\",\"isPartOf\":{\"@id\":\"https:\\\/\\\/www.rozalskidesign.pl\\\/#website\"},\"datePublished\":\"2025-06-13T01:48:27+00:00\",\"dateModified\":\"2025-06-24T18:16:46+00:00\",\"description\":\"Napisz do mnie \u2013 ch\u0119tnie opowiem wi\u0119cej o swoim podej\u015bciu do projekt\u00f3w i sprawdzimy, czy mo\u017cemy razem co\u015b stworzy\u0107.\",\"breadcrumb\":{\"@id\":\"https:\\\/\\\/www.rozalskidesign.pl\\\/index.php\\\/gra-obetnij-pazurki-bogusiowi\\\/#breadcrumb\"},\"inLanguage\":\"pl-PL\",\"potentialAction\":[{\"@type\":\"ReadAction\",\"target\":[\"https:\\\/\\\/www.rozalskidesign.pl\\\/index.php\\\/gra-obetnij-pazurki-bogusiowi\\\/\"]}]},{\"@type\":\"BreadcrumbList\",\"@id\":\"https:\\\/\\\/www.rozalskidesign.pl\\\/index.php\\\/gra-obetnij-pazurki-bogusiowi\\\/#breadcrumb\",\"itemListElement\":[{\"@type\":\"ListItem\",\"position\":1,\"name\":\"Strona g\u0142\u00f3wna\",\"item\":\"https:\\\/\\\/www.rozalskidesign.pl\\\/\"},{\"@type\":\"ListItem\",\"position\":2,\"name\":\"Gra: Obetnij pazurki Bogusiowi\"}]},{\"@type\":\"WebSite\",\"@id\":\"https:\\\/\\\/www.rozalskidesign.pl\\\/#website\",\"url\":\"https:\\\/\\\/www.rozalskidesign.pl\\\/\",\"name\":\"Filip R\u00f3\u017calski\",\"description\":\"Portfolio\",\"publisher\":{\"@id\":\"https:\\\/\\\/www.rozalskidesign.pl\\\/#\\\/schema\\\/person\\\/f72f72ef5ca776884a3bb7272e6c05c1\"},\"potentialAction\":[{\"@type\":\"SearchAction\",\"target\":{\"@type\":\"EntryPoint\",\"urlTemplate\":\"https:\\\/\\\/www.rozalskidesign.pl\\\/?s={search_term_string}\"},\"query-input\":{\"@type\":\"PropertyValueSpecification\",\"valueRequired\":true,\"valueName\":\"search_term_string\"}}],\"inLanguage\":\"pl-PL\"},{\"@type\":[\"Person\",\"Organization\"],\"@id\":\"https:\\\/\\\/www.rozalskidesign.pl\\\/#\\\/schema\\\/person\\\/f72f72ef5ca776884a3bb7272e6c05c1\",\"name\":\"admin\",\"image\":{\"@type\":\"ImageObject\",\"inLanguage\":\"pl-PL\",\"@id\":\"https:\\\/\\\/www.rozalskidesign.pl\\\/wp-content\\\/uploads\\\/2025\\\/05\\\/IMG_0182-e1748709130999.webp\",\"url\":\"https:\\\/\\\/www.rozalskidesign.pl\\\/wp-content\\\/uploads\\\/2025\\\/05\\\/IMG_0182-e1748709130999.webp\",\"contentUrl\":\"https:\\\/\\\/www.rozalskidesign.pl\\\/wp-content\\\/uploads\\\/2025\\\/05\\\/IMG_0182-e1748709130999.webp\",\"width\":1080,\"height\":610,\"caption\":\"admin\"},\"logo\":{\"@id\":\"https:\\\/\\\/www.rozalskidesign.pl\\\/wp-content\\\/uploads\\\/2025\\\/05\\\/IMG_0182-e1748709130999.webp\"},\"sameAs\":[\"https:\\\/\\\/www.rozalskidesign.pl\"]}]}<\/script>\n<!-- \/ Yoast SEO plugin. -->","yoast_head_json":{"title":"Gra: Obetnij pazurki Bogusiowi - Filip R&oacute;\u017calski","description":"Napisz do mnie \u2013 ch\u0119tnie opowiem wi\u0119cej o swoim podej\u015bciu do projekt\u00f3w i sprawdzimy, czy mo\u017cemy razem co\u015b stworzy\u0107.","robots":{"index":"index","follow":"follow","max-snippet":"max-snippet:-1","max-image-preview":"max-image-preview:large","max-video-preview":"max-video-preview:-1"},"canonical":"https:\/\/www.rozalskidesign.pl\/index.php\/gra-obetnij-pazurki-bogusiowi\/","og_locale":"pl_PL","og_type":"article","og_title":"Gra: Obetnij pazurki Bogusiowi - Filip R&oacute;\u017calski","og_description":"Napisz do mnie \u2013 ch\u0119tnie opowiem wi\u0119cej o swoim podej\u015bciu do projekt\u00f3w i sprawdzimy, czy mo\u017cemy razem co\u015b stworzy\u0107.","og_url":"https:\/\/www.rozalskidesign.pl\/index.php\/gra-obetnij-pazurki-bogusiowi\/","og_site_name":"Filip R&oacute;\u017calski","article_modified_time":"2025-06-24T18:16:46+00:00","twitter_card":"summary_large_image","twitter_misc":{"Szacowany czas czytania":"1 minuta"},"schema":{"@context":"https:\/\/schema.org","@graph":[{"@type":"WebPage","@id":"https:\/\/www.rozalskidesign.pl\/index.php\/gra-obetnij-pazurki-bogusiowi\/","url":"https:\/\/www.rozalskidesign.pl\/index.php\/gra-obetnij-pazurki-bogusiowi\/","name":"Gra: Obetnij pazurki Bogusiowi - Filip R&oacute;\u017calski","isPartOf":{"@id":"https:\/\/www.rozalskidesign.pl\/#website"},"datePublished":"2025-06-13T01:48:27+00:00","dateModified":"2025-06-24T18:16:46+00:00","description":"Napisz do mnie \u2013 ch\u0119tnie opowiem wi\u0119cej o swoim podej\u015bciu do projekt\u00f3w i sprawdzimy, czy mo\u017cemy razem co\u015b stworzy\u0107.","breadcrumb":{"@id":"https:\/\/www.rozalskidesign.pl\/index.php\/gra-obetnij-pazurki-bogusiowi\/#breadcrumb"},"inLanguage":"pl-PL","potentialAction":[{"@type":"ReadAction","target":["https:\/\/www.rozalskidesign.pl\/index.php\/gra-obetnij-pazurki-bogusiowi\/"]}]},{"@type":"BreadcrumbList","@id":"https:\/\/www.rozalskidesign.pl\/index.php\/gra-obetnij-pazurki-bogusiowi\/#breadcrumb","itemListElement":[{"@type":"ListItem","position":1,"name":"Strona g\u0142\u00f3wna","item":"https:\/\/www.rozalskidesign.pl\/"},{"@type":"ListItem","position":2,"name":"Gra: Obetnij pazurki Bogusiowi"}]},{"@type":"WebSite","@id":"https:\/\/www.rozalskidesign.pl\/#website","url":"https:\/\/www.rozalskidesign.pl\/","name":"Filip R\u00f3\u017calski","description":"Portfolio","publisher":{"@id":"https:\/\/www.rozalskidesign.pl\/#\/schema\/person\/f72f72ef5ca776884a3bb7272e6c05c1"},"potentialAction":[{"@type":"SearchAction","target":{"@type":"EntryPoint","urlTemplate":"https:\/\/www.rozalskidesign.pl\/?s={search_term_string}"},"query-input":{"@type":"PropertyValueSpecification","valueRequired":true,"valueName":"search_term_string"}}],"inLanguage":"pl-PL"},{"@type":["Person","Organization"],"@id":"https:\/\/www.rozalskidesign.pl\/#\/schema\/person\/f72f72ef5ca776884a3bb7272e6c05c1","name":"admin","image":{"@type":"ImageObject","inLanguage":"pl-PL","@id":"https:\/\/www.rozalskidesign.pl\/wp-content\/uploads\/2025\/05\/IMG_0182-e1748709130999.webp","url":"https:\/\/www.rozalskidesign.pl\/wp-content\/uploads\/2025\/05\/IMG_0182-e1748709130999.webp","contentUrl":"https:\/\/www.rozalskidesign.pl\/wp-content\/uploads\/2025\/05\/IMG_0182-e1748709130999.webp","width":1080,"height":610,"caption":"admin"},"logo":{"@id":"https:\/\/www.rozalskidesign.pl\/wp-content\/uploads\/2025\/05\/IMG_0182-e1748709130999.webp"},"sameAs":["https:\/\/www.rozalskidesign.pl"]}]}},"_links":{"self":[{"href":"https:\/\/www.rozalskidesign.pl\/index.php\/wp-json\/wp\/v2\/pages\/1567","targetHints":{"allow":["GET"]}}],"collection":[{"href":"https:\/\/www.rozalskidesign.pl\/index.php\/wp-json\/wp\/v2\/pages"}],"about":[{"href":"https:\/\/www.rozalskidesign.pl\/index.php\/wp-json\/wp\/v2\/types\/page"}],"author":[{"embeddable":true,"href":"https:\/\/www.rozalskidesign.pl\/index.php\/wp-json\/wp\/v2\/users\/1"}],"replies":[{"embeddable":true,"href":"https:\/\/www.rozalskidesign.pl\/index.php\/wp-json\/wp\/v2\/comments?post=1567"}],"version-history":[{"count":31,"href":"https:\/\/www.rozalskidesign.pl\/index.php\/wp-json\/wp\/v2\/pages\/1567\/revisions"}],"predecessor-version":[{"id":1885,"href":"https:\/\/www.rozalskidesign.pl\/index.php\/wp-json\/wp\/v2\/pages\/1567\/revisions\/1885"}],"wp:attachment":[{"href":"https:\/\/www.rozalskidesign.pl\/index.php\/wp-json\/wp\/v2\/media?parent=1567"}],"curies":[{"name":"wp","href":"https:\/\/api.w.org\/{rel}","templated":true}]}}