{"id":1832,"date":"2025-06-24T17:26:32","date_gmt":"2025-06-24T17:26:32","guid":{"rendered":"https:\/\/www.rozalskidesign.pl\/?page_id=1832"},"modified":"2025-08-26T19:23:45","modified_gmt":"2025-08-26T19:23:45","slug":"darmowa-konsultacja","status":"publish","type":"page","link":"https:\/\/www.rozalskidesign.pl\/index.php\/darmowa-konsultacja\/","title":{"rendered":"Darmowa konsultacja"},"content":{"rendered":"\t\t<div data-elementor-type=\"wp-page\" data-elementor-id=\"1832\" class=\"elementor elementor-1832\" data-elementor-post-type=\"page\">\n\t\t\t\t<div class=\"elementor-element elementor-element-e6413ce gradient-background e-flex e-con-boxed e-con e-parent\" data-id=\"e6413ce\" data-element_type=\"container\" data-e-type=\"container\">\n\t\t\t\t\t<div class=\"e-con-inner\">\n\t\t<div class=\"elementor-element elementor-element-1ee6da1 e-con-full blur e-flex e-con e-child\" data-id=\"1ee6da1\" data-element_type=\"container\" data-e-type=\"container\" data-settings=\"{&quot;background_background&quot;:&quot;classic&quot;}\">\n\t\t\t\t<div class=\"elementor-element elementor-element-e423301 elementor-widget elementor-widget-heading\" data-id=\"e423301\" data-element_type=\"widget\" data-e-type=\"widget\" data-widget_type=\"heading.default\">\n\t\t\t\t<div class=\"elementor-widget-container\">\n\t\t\t\t\t<h2 class=\"elementor-heading-title elementor-size-default\">Um\u00f3w si\u0119 na darmow\u0105 konsultacj\u0119<\/h2>\t\t\t\t<\/div>\n\t\t\t\t<\/div>\n\t\t\t\t<div class=\"elementor-element elementor-element-b4faaa9 elementor-button-align-start elementor-widget-tablet__width-inherit elementor-widget-mobile__width-inherit elementor-widget elementor-widget-form\" data-id=\"b4faaa9\" data-element_type=\"widget\" data-e-type=\"widget\" data-settings=\"{&quot;step_next_label&quot;:&quot;dalej&quot;,&quot;step_previous_label&quot;:&quot;wstecz&quot;,&quot;button_width&quot;:&quot;100&quot;,&quot;step_type&quot;:&quot;number_text&quot;,&quot;step_icon_shape&quot;:&quot;circle&quot;}\" data-widget_type=\"form.default\">\n\t\t\t\t<div class=\"elementor-widget-container\">\n\t\t\t\t\t\t\t<form class=\"elementor-form\" method=\"post\" name=\"New Form\" aria-label=\"New Form\">\n\t\t\t<input type=\"hidden\" name=\"post_id\" value=\"1832\"\/>\n\t\t\t<input type=\"hidden\" name=\"form_id\" value=\"b4faaa9\"\/>\n\t\t\t<input type=\"hidden\" name=\"referer_title\" value=\"Darmowa konsultacja - Filip R&oacute;\u017calski\" \/>\n\n\t\t\t\t\t\t\t<input type=\"hidden\" name=\"queried_id\" value=\"1832\"\/>\n\t\t\t\n\t\t\t<div class=\"elementor-form-fields-wrapper elementor-labels-above\">\n\t\t\t\t\t\t\t\t<div class=\"elementor-field-type-text elementor-field-group elementor-column elementor-field-group-name elementor-col-50 elementor-field-required\">\n\t\t\t\t\t\t\t\t\t\t\t\t<label for=\"form-field-name\" class=\"elementor-field-label\">\n\t\t\t\t\t\t\t\tImi\u0119\t\t\t\t\t\t\t<\/label>\n\t\t\t\t\t\t\t\t\t\t\t\t\t\t<input size=\"1\" type=\"text\" name=\"form_fields[name]\" id=\"form-field-name\" class=\"elementor-field elementor-size-sm  elementor-field-textual\" placeholder=\"Wpisz swoje imi\u0119\" required=\"required\">\n\t\t\t\t\t\t\t\t\t\t\t<\/div>\n\t\t\t\t\t\t\t\t<div class=\"elementor-field-type-email elementor-field-group elementor-column elementor-field-group-email elementor-col-50 elementor-field-required\">\n\t\t\t\t\t\t\t\t\t\t\t\t<label for=\"form-field-email\" class=\"elementor-field-label\">\n\t\t\t\t\t\t\t\tEmail\t\t\t\t\t\t\t<\/label>\n\t\t\t\t\t\t\t\t\t\t\t\t\t\t<input size=\"1\" type=\"email\" name=\"form_fields[email]\" id=\"form-field-email\" class=\"elementor-field elementor-size-sm  elementor-field-textual\" placeholder=\"example@mail.com\" required=\"required\">\n\t\t\t\t\t\t\t\t\t\t\t<\/div>\n\t\t\t\t\t\t\t\t<div class=\"elementor-field-type-select elementor-field-group elementor-column elementor-field-group-field_96dfa6a elementor-col-50 elementor-sm-50 elementor-field-required\">\n\t\t\t\t\t\t\t\t\t\t\t\t<label for=\"form-field-field_96dfa6a\" class=\"elementor-field-label\">\n\t\t\t\t\t\t\t\tKiedy?\t\t\t\t\t\t\t<\/label>\n\t\t\t\t\t\t\t\t<div class=\"elementor-field elementor-select-wrapper remove-before \">\n\t\t\t<div class=\"select-caret-down-wrapper\">\n\t\t\t\t<svg aria-hidden=\"true\" class=\"e-font-icon-svg e-eicon-caret-down\" viewBox=\"0 0 571.4 571.4\" xmlns=\"http:\/\/www.w3.org\/2000\/svg\"><path d=\"M571 393Q571 407 561 418L311 668Q300 679 286 679T261 668L11 418Q0 407 0 393T11 368 36 357H536Q550 357 561 368T571 393Z\"><\/path><\/svg>\t\t\t<\/div>\n\t\t\t<select name=\"form_fields[field_96dfa6a]\" id=\"form-field-field_96dfa6a\" class=\"elementor-field-textual elementor-size-sm\" required=\"required\">\n\t\t\t\t\t\t\t\t\t<option value=\"Jak najszybciej\">Jak najszybciej<\/option>\n\t\t\t\t\t\t\t\t\t<option value=\"W przysz\u0142ym tygodniu\">W przysz\u0142ym tygodniu<\/option>\n\t\t\t\t\t\t\t\t\t<option value=\"Konkretna data (napisz w wiadomo\u015bci)\">Konkretna data (napisz w wiadomo\u015bci)<\/option>\n\t\t\t\t\t\t\t<\/select>\n\t\t<\/div>\n\t\t\t\t\t\t<\/div>\n\t\t\t\t\t\t\t\t<div class=\"elementor-field-type-select elementor-field-group elementor-column elementor-field-group-field_a973550 elementor-col-50 elementor-sm-50 elementor-field-required\">\n\t\t\t\t\t\t\t\t\t\t\t\t<label for=\"form-field-field_a973550\" class=\"elementor-field-label\">\n\t\t\t\t\t\t\t\tO kt\u00f3rej?\t\t\t\t\t\t\t<\/label>\n\t\t\t\t\t\t\t\t<div class=\"elementor-field elementor-select-wrapper remove-before \">\n\t\t\t<div class=\"select-caret-down-wrapper\">\n\t\t\t\t<svg aria-hidden=\"true\" class=\"e-font-icon-svg e-eicon-caret-down\" viewBox=\"0 0 571.4 571.4\" xmlns=\"http:\/\/www.w3.org\/2000\/svg\"><path d=\"M571 393Q571 407 561 418L311 668Q300 679 286 679T261 668L11 418Q0 407 0 393T11 368 36 357H536Q550 357 561 368T571 393Z\"><\/path><\/svg>\t\t\t<\/div>\n\t\t\t<select name=\"form_fields[field_a973550]\" id=\"form-field-field_a973550\" class=\"elementor-field-textual elementor-size-sm\" required=\"required\">\n\t\t\t\t\t\t\t\t\t<option value=\"Rano (8:00 - 12:00)\">Rano (8:00 - 12:00)<\/option>\n\t\t\t\t\t\t\t\t\t<option value=\"Po po\u0142udniu (12:00 -  16:00)\">Po po\u0142udniu (12:00 -  16:00)<\/option>\n\t\t\t\t\t\t\t\t\t<option value=\"Wieczorem (16:00 - 20:00)\">Wieczorem (16:00 - 20:00)<\/option>\n\t\t\t\t\t\t\t<\/select>\n\t\t<\/div>\n\t\t\t\t\t\t<\/div>\n\t\t\t\t\t\t\t\t<div class=\"elementor-field-type-textarea elementor-field-group elementor-column elementor-field-group-message elementor-col-100 elementor-field-required\">\n\t\t\t\t\t\t\t\t\t\t\t\t<label for=\"form-field-message\" class=\"elementor-field-label\">\n\t\t\t\t\t\t\t\tTre\u015b\u0107 wiadomo\u015bci\t\t\t\t\t\t\t<\/label>\n\t\t\t\t\t\t<textarea class=\"elementor-field-textual elementor-field  elementor-size-sm\" name=\"form_fields[message]\" id=\"form-field-message\" rows=\"4\" placeholder=\"Opowiedz kr\u00f3tko projekcie\" required=\"required\"><\/textarea>\t\t\t\t<\/div>\n\t\t\t\t\t\t\t\t<div class=\"elementor-field-type-acceptance elementor-field-group elementor-column elementor-field-group-field_888fc34 elementor-col-100 elementor-field-required\">\n\t\t\t\t\t\t\t<div class=\"elementor-field-subgroup\">\n\t\t\t<span class=\"elementor-field-option\">\n\t\t\t\t<input type=\"checkbox\" name=\"form_fields[field_888fc34]\" id=\"form-field-field_888fc34\" class=\"elementor-field elementor-size-sm  elementor-acceptance-field\" required=\"required\">\n\t\t\t\t<label for=\"form-field-field_888fc34\">Wyra\u017cam zgod\u0119 na przetwarzanie moich danych osobowych w celu obs\u0142ugi mojego zapytania, zgodnie z Polityk\u0105 prywatno\u015bci.<\/label>\t\t\t<\/span>\n\t\t<\/div>\n\t\t\t\t\t\t<\/div>\n\t\t\t\t\t\t\t\t<div class=\"elementor-field-group elementor-column elementor-field-type-submit elementor-col-100 e-form__buttons\">\n\t\t\t\t\t<button class=\"elementor-button elementor-size-sm\" type=\"submit\">\n\t\t\t\t\t\t<span class=\"elementor-button-content-wrapper\">\n\t\t\t\t\t\t\t\t\t\t\t\t\t\t\t\t\t\t\t\t\t\t<span class=\"elementor-button-text\">Wy\u015blij wiadomo\u015b\u0107<\/span>\n\t\t\t\t\t\t\t\t\t\t\t\t\t<\/span>\n\t\t\t\t\t<\/button>\n\t\t\t\t<\/div>\n\t\t\t<\/div>\n\t\t<\/form>\n\t\t\t\t\t\t<\/div>\n\t\t\t\t<\/div>\n\t\t\t\t<\/div>\n\t\t<div class=\"elementor-element elementor-element-60bdaee e-con-full e-flex e-con e-child\" data-id=\"60bdaee\" data-element_type=\"container\" data-e-type=\"container\">\n\t\t\t\t<div class=\"elementor-element elementor-element-0b3b0b8 elementor-widget elementor-widget-heading\" data-id=\"0b3b0b8\" data-element_type=\"widget\" data-e-type=\"widget\" data-widget_type=\"heading.default\">\n\t\t\t\t<div class=\"elementor-widget-container\">\n\t\t\t\t\t<h1 class=\"elementor-heading-title elementor-size-default\">Porozmawiajmy o Twoich potrzebach<\/h1>\t\t\t\t<\/div>\n\t\t\t\t<\/div>\n\t\t\t\t<div class=\"elementor-element elementor-element-2efb4f7 elementor-widget__width-initial elementor-widget-mobile__width-initial elementor-widget elementor-widget-text-editor\" data-id=\"2efb4f7\" data-element_type=\"widget\" data-e-type=\"widget\" data-widget_type=\"text-editor.default\">\n\t\t\t\t<div class=\"elementor-widget-container\">\n\t\t\t\t\t\t\t\t\t<p data-start=\"238\" data-end=\"454\">Doskonale rozumiem i pochwalam roztropno\u015b\u0107 w poszukiwaniu kompetentnego specjalisty, kt\u00f3ry poprowadzi Tw\u00f3j projekt zgodnie z oczekiwaniami, dlatego oferuj\u0119 ca\u0142kowicie <strong>bezp\u0142atn\u0105 konsultacj\u0119<\/strong> wst\u0119pn\u0105.<\/p><p data-start=\"456\" data-end=\"688\">W trakcie oko\u0142o godzinnego spotkania online lepiej si\u0119 poznamy, a po kr\u00f3tkiej burzy m\u00f3zg\u00f3w przedstawi\u0119 Ci wst\u0119pny plan dzia\u0142ania oraz propozycj\u0119 wyceny. <strong>Bez \u017cadnych zobowi\u0105za\u0144<\/strong> \u2013 to Ty zdecydujesz, czy chcesz i\u015b\u0107 dalej.<\/p>\t\t\t\t\t\t\t\t<\/div>\n\t\t\t\t<\/div>\n\t\t\t\t<div class=\"elementor-element elementor-element-0be5413 elementor-widget elementor-widget-heading\" data-id=\"0be5413\" data-element_type=\"widget\" data-e-type=\"widget\" data-widget_type=\"heading.default\">\n\t\t\t\t<div class=\"elementor-widget-container\">\n\t\t\t\t\t<h2 class=\"elementor-heading-title elementor-size-default\">Dlaczego warto?<\/h2>\t\t\t\t<\/div>\n\t\t\t\t<\/div>\n\t\t<div class=\"elementor-element elementor-element-ef5fa25 e-grid e-con-full e-con e-child\" data-id=\"ef5fa25\" data-element_type=\"container\" data-e-type=\"container\">\n\t\t<div class=\"elementor-element elementor-element-f39fd97 blur e-con-full e-flex e-con e-child\" data-id=\"f39fd97\" data-element_type=\"container\" data-e-type=\"container\" data-settings=\"{&quot;background_background&quot;:&quot;classic&quot;}\">\n\t\t\t\t<div class=\"elementor-element elementor-element-6a279ae elementor-view-default elementor-widget elementor-widget-icon\" data-id=\"6a279ae\" data-element_type=\"widget\" data-e-type=\"widget\" data-widget_type=\"icon.default\">\n\t\t\t\t<div class=\"elementor-widget-container\">\n\t\t\t\t\t\t\t<div class=\"elementor-icon-wrapper\">\n\t\t\t<div class=\"elementor-icon\">\n\t\t\t<svg aria-hidden=\"true\" class=\"e-font-icon-svg e-fas-gift\" viewBox=\"0 0 512 512\" xmlns=\"http:\/\/www.w3.org\/2000\/svg\"><path d=\"M32 448c0 17.7 14.3 32 32 32h160V320H32v128zm256 32h160c17.7 0 32-14.3 32-32V320H288v160zm192-320h-42.1c6.2-12.1 10.1-25.5 10.1-40 0-48.5-39.5-88-88-88-41.6 0-68.5 21.3-103 68.3-34.5-47-61.4-68.3-103-68.3-48.5 0-88 39.5-88 88 0 14.5 3.8 27.9 10.1 40H32c-17.7 0-32 14.3-32 32v80c0 8.8 7.2 16 16 16h480c8.8 0 16-7.2 16-16v-80c0-17.7-14.3-32-32-32zm-326.1 0c-22.1 0-40-17.9-40-40s17.9-40 40-40c19.9 0 34.6 3.3 86.1 80h-86.1zm206.1 0h-86.1c51.4-76.5 65.7-80 86.1-80 22.1 0 40 17.9 40 40s-17.9 40-40 40z\"><\/path><\/svg>\t\t\t<\/div>\n\t\t<\/div>\n\t\t\t\t\t\t<\/div>\n\t\t\t\t<\/div>\n\t\t\t\t<div class=\"elementor-element elementor-element-abcf7a6 elementor-widget elementor-widget-heading\" data-id=\"abcf7a6\" data-element_type=\"widget\" data-e-type=\"widget\" data-widget_type=\"heading.default\">\n\t\t\t\t<div class=\"elementor-widget-container\">\n\t\t\t\t\t<h2 class=\"elementor-heading-title elementor-size-default\">Za darmo<\/h2>\t\t\t\t<\/div>\n\t\t\t\t<\/div>\n\t\t\t\t<div class=\"elementor-element elementor-element-ec7c205 elementor-widget-mobile__width-initial elementor-widget elementor-widget-text-editor\" data-id=\"ec7c205\" data-element_type=\"widget\" data-e-type=\"widget\" data-widget_type=\"text-editor.default\">\n\t\t\t\t<div class=\"elementor-widget-container\">\n\t\t\t\t\t\t\t\t\t<p>Spotkanie jest ca\u0142kowicie bezp\u0142atne. Decyzj\u0119 o wsp\u00f3\u0142pracy podejmujesz dopiero po odbytym spotkaniu.<\/p>\t\t\t\t\t\t\t\t<\/div>\n\t\t\t\t<\/div>\n\t\t\t\t<\/div>\n\t\t<div class=\"elementor-element elementor-element-9f151fb blur e-con-full e-flex e-con e-child\" data-id=\"9f151fb\" data-element_type=\"container\" data-e-type=\"container\" data-settings=\"{&quot;background_background&quot;:&quot;classic&quot;}\">\n\t\t\t\t<div class=\"elementor-element elementor-element-a0db7da elementor-view-default elementor-widget elementor-widget-icon\" data-id=\"a0db7da\" data-element_type=\"widget\" data-e-type=\"widget\" data-widget_type=\"icon.default\">\n\t\t\t\t<div class=\"elementor-widget-container\">\n\t\t\t\t\t\t\t<div class=\"elementor-icon-wrapper\">\n\t\t\t<div class=\"elementor-icon\">\n\t\t\t<svg aria-hidden=\"true\" class=\"e-font-icon-svg e-fas-lock-open\" viewBox=\"0 0 576 512\" xmlns=\"http:\/\/www.w3.org\/2000\/svg\"><path d=\"M423.5 0C339.5.3 272 69.5 272 153.5V224H48c-26.5 0-48 21.5-48 48v192c0 26.5 21.5 48 48 48h352c26.5 0 48-21.5 48-48V272c0-26.5-21.5-48-48-48h-48v-71.1c0-39.6 31.7-72.5 71.3-72.9 40-.4 72.7 32.1 72.7 72v80c0 13.3 10.7 24 24 24h32c13.3 0 24-10.7 24-24v-80C576 68 507.5-.3 423.5 0z\"><\/path><\/svg>\t\t\t<\/div>\n\t\t<\/div>\n\t\t\t\t\t\t<\/div>\n\t\t\t\t<\/div>\n\t\t\t\t<div class=\"elementor-element elementor-element-f41ef99 elementor-widget elementor-widget-heading\" data-id=\"f41ef99\" data-element_type=\"widget\" data-e-type=\"widget\" data-widget_type=\"heading.default\">\n\t\t\t\t<div class=\"elementor-widget-container\">\n\t\t\t\t\t<h2 class=\"elementor-heading-title elementor-size-default\">Bez zobowi\u0105za\u0144<\/h2>\t\t\t\t<\/div>\n\t\t\t\t<\/div>\n\t\t\t\t<div class=\"elementor-element elementor-element-d0f8d50 elementor-widget-mobile__width-initial elementor-widget elementor-widget-text-editor\" data-id=\"d0f8d50\" data-element_type=\"widget\" data-e-type=\"widget\" data-widget_type=\"text-editor.default\">\n\t\t\t\t<div class=\"elementor-widget-container\">\n\t\t\t\t\t\t\t\t\t<p>Umow\u0119 zawieramy dopiero po spotkaniu i zapoznaniu si\u0119 z wycen\u0105 oraz warunkami wsp\u00f3\u0142pracy.<\/p>\t\t\t\t\t\t\t\t<\/div>\n\t\t\t\t<\/div>\n\t\t\t\t<\/div>\n\t\t<div class=\"elementor-element elementor-element-93bf6d6 blur e-con-full e-flex e-con e-child\" data-id=\"93bf6d6\" data-element_type=\"container\" data-e-type=\"container\" data-settings=\"{&quot;background_background&quot;:&quot;classic&quot;}\">\n\t\t\t\t<div class=\"elementor-element elementor-element-30a5a4e elementor-view-default elementor-widget elementor-widget-icon\" data-id=\"30a5a4e\" data-element_type=\"widget\" data-e-type=\"widget\" data-widget_type=\"icon.default\">\n\t\t\t\t<div class=\"elementor-widget-container\">\n\t\t\t\t\t\t\t<div class=\"elementor-icon-wrapper\">\n\t\t\t<div class=\"elementor-icon\">\n\t\t\t<svg aria-hidden=\"true\" class=\"e-font-icon-svg e-fas-chalkboard-teacher\" viewBox=\"0 0 640 512\" xmlns=\"http:\/\/www.w3.org\/2000\/svg\"><path d=\"M208 352c-2.39 0-4.78.35-7.06 1.09C187.98 357.3 174.35 360 160 360c-14.35 0-27.98-2.7-40.95-6.91-2.28-.74-4.66-1.09-7.05-1.09C49.94 352-.33 402.48 0 464.62.14 490.88 21.73 512 48 512h224c26.27 0 47.86-21.12 48-47.38.33-62.14-49.94-112.62-112-112.62zm-48-32c53.02 0 96-42.98 96-96s-42.98-96-96-96-96 42.98-96 96 42.98 96 96 96zM592 0H208c-26.47 0-48 22.25-48 49.59V96c23.42 0 45.1 6.78 64 17.8V64h352v288h-64v-64H384v64h-76.24c19.1 16.69 33.12 38.73 39.69 64H592c26.47 0 48-22.25 48-49.59V49.59C640 22.25 618.47 0 592 0z\"><\/path><\/svg>\t\t\t<\/div>\n\t\t<\/div>\n\t\t\t\t\t\t<\/div>\n\t\t\t\t<\/div>\n\t\t\t\t<div class=\"elementor-element elementor-element-b32a802 elementor-widget elementor-widget-heading\" data-id=\"b32a802\" data-element_type=\"widget\" data-e-type=\"widget\" data-widget_type=\"heading.default\">\n\t\t\t\t<div class=\"elementor-widget-container\">\n\t\t\t\t\t<h2 class=\"elementor-heading-title elementor-size-default\">Online<\/h2>\t\t\t\t<\/div>\n\t\t\t\t<\/div>\n\t\t\t\t<div class=\"elementor-element elementor-element-1b469b3 elementor-widget-mobile__width-initial elementor-widget elementor-widget-text-editor\" data-id=\"1b469b3\" data-element_type=\"widget\" data-e-type=\"widget\" data-widget_type=\"text-editor.default\">\n\t\t\t\t<div class=\"elementor-widget-container\">\n\t\t\t\t\t\t\t\t\t<p>Bez wychodzenia z domu czy biura. Ustalamy termin i umawiamy spotkanie przez Google Meets.<\/p>\t\t\t\t\t\t\t\t<\/div>\n\t\t\t\t<\/div>\n\t\t\t\t<\/div>\n\t\t\t\t<\/div>\n\t\t\t\t<\/div>\n\t\t\t\t\t<\/div>\n\t\t\t\t<\/div>\n\t\t<div class=\"elementor-element elementor-element-49bbacb elementor-hidden-desktop elementor-hidden-tablet e-flex e-con-boxed e-con e-parent\" data-id=\"49bbacb\" data-element_type=\"container\" data-e-type=\"container\" data-settings=\"{&quot;background_background&quot;:&quot;gradient&quot;}\">\n\t\t\t\t\t<div class=\"e-con-inner\">\n\t\t\t\t\t<\/div>\n\t\t\t\t<\/div>\n\t\t\t\t<\/div>\n\t\t","protected":false},"excerpt":{"rendered":"<p>Um\u00f3w si\u0119 na darmow\u0105 konsultacj\u0119 Porozmawiajmy o Twoich potrzebach Doskonale rozumiem i pochwalam roztropno\u015b\u0107 w poszukiwaniu kompetentnego specjalisty, kt\u00f3ry poprowadzi Tw\u00f3j projekt zgodnie z oczekiwaniami, dlatego oferuj\u0119 ca\u0142kowicie bezp\u0142atn\u0105 konsultacj\u0119 wst\u0119pn\u0105. W trakcie oko\u0142o godzinnego spotkania online lepiej si\u0119 poznamy, a po kr\u00f3tkiej burzy m\u00f3zg\u00f3w przedstawi\u0119 Ci wst\u0119pny plan dzia\u0142ania oraz propozycj\u0119 wyceny. Bez \u017cadnych [&hellip;]<\/p>\n","protected":false},"author":1,"featured_media":0,"parent":0,"menu_order":0,"comment_status":"closed","ping_status":"closed","template":"","meta":{"_acf_changed":false,"footnotes":""},"class_list":["post-1832","page","type-page","status-publish","hentry"],"acf":[],"yoast_head":"<!-- This site is optimized with the Yoast SEO plugin v27.4 - https:\/\/yoast.com\/product\/yoast-seo-wordpress\/ -->\n<title>Darmowa konsultacja - Filip R&oacute;\u017calski<\/title>\n<meta name=\"description\" content=\"Napisz do mnie \u2013 ch\u0119tnie opowiem wi\u0119cej o swoim podej\u015bciu do projekt\u00f3w i sprawdzimy, czy mo\u017cemy razem co\u015b stworzy\u0107.\" \/>\n<meta name=\"robots\" content=\"index, follow, max-snippet:-1, max-image-preview:large, max-video-preview:-1\" \/>\n<link rel=\"canonical\" href=\"https:\/\/www.rozalskidesign.pl\/index.php\/darmowa-konsultacja\/\" \/>\n<meta property=\"og:locale\" content=\"pl_PL\" \/>\n<meta property=\"og:type\" content=\"article\" \/>\n<meta property=\"og:title\" content=\"Darmowa konsultacja - Filip R&oacute;\u017calski\" \/>\n<meta property=\"og:description\" content=\"Napisz do mnie \u2013 ch\u0119tnie opowiem wi\u0119cej o swoim podej\u015bciu do projekt\u00f3w i sprawdzimy, czy mo\u017cemy razem co\u015b stworzy\u0107.\" \/>\n<meta property=\"og:url\" content=\"https:\/\/www.rozalskidesign.pl\/index.php\/darmowa-konsultacja\/\" \/>\n<meta property=\"og:site_name\" content=\"Filip R&oacute;\u017calski\" \/>\n<meta property=\"article:modified_time\" content=\"2025-08-26T19:23:45+00:00\" \/>\n<meta name=\"twitter:card\" content=\"summary_large_image\" \/>\n<meta name=\"twitter:label1\" content=\"Szacowany czas czytania\" \/>\n\t<meta name=\"twitter:data1\" content=\"1 minuta\" \/>\n<script type=\"application\/ld+json\" class=\"yoast-schema-graph\">{\"@context\":\"https:\\\/\\\/schema.org\",\"@graph\":[{\"@type\":\"WebPage\",\"@id\":\"https:\\\/\\\/www.rozalskidesign.pl\\\/index.php\\\/darmowa-konsultacja\\\/\",\"url\":\"https:\\\/\\\/www.rozalskidesign.pl\\\/index.php\\\/darmowa-konsultacja\\\/\",\"name\":\"Darmowa konsultacja - Filip R&oacute;\u017calski\",\"isPartOf\":{\"@id\":\"https:\\\/\\\/www.rozalskidesign.pl\\\/#website\"},\"datePublished\":\"2025-06-24T17:26:32+00:00\",\"dateModified\":\"2025-08-26T19:23:45+00:00\",\"description\":\"Napisz do mnie \u2013 ch\u0119tnie opowiem wi\u0119cej o swoim podej\u015bciu do projekt\u00f3w i sprawdzimy, czy mo\u017cemy razem co\u015b stworzy\u0107.\",\"breadcrumb\":{\"@id\":\"https:\\\/\\\/www.rozalskidesign.pl\\\/index.php\\\/darmowa-konsultacja\\\/#breadcrumb\"},\"inLanguage\":\"pl-PL\",\"potentialAction\":[{\"@type\":\"ReadAction\",\"target\":[\"https:\\\/\\\/www.rozalskidesign.pl\\\/index.php\\\/darmowa-konsultacja\\\/\"]}]},{\"@type\":\"BreadcrumbList\",\"@id\":\"https:\\\/\\\/www.rozalskidesign.pl\\\/index.php\\\/darmowa-konsultacja\\\/#breadcrumb\",\"itemListElement\":[{\"@type\":\"ListItem\",\"position\":1,\"name\":\"Strona g\u0142\u00f3wna\",\"item\":\"https:\\\/\\\/www.rozalskidesign.pl\\\/\"},{\"@type\":\"ListItem\",\"position\":2,\"name\":\"Darmowa konsultacja\"}]},{\"@type\":\"WebSite\",\"@id\":\"https:\\\/\\\/www.rozalskidesign.pl\\\/#website\",\"url\":\"https:\\\/\\\/www.rozalskidesign.pl\\\/\",\"name\":\"Filip R\u00f3\u017calski\",\"description\":\"Portfolio\",\"publisher\":{\"@id\":\"https:\\\/\\\/www.rozalskidesign.pl\\\/#\\\/schema\\\/person\\\/f72f72ef5ca776884a3bb7272e6c05c1\"},\"potentialAction\":[{\"@type\":\"SearchAction\",\"target\":{\"@type\":\"EntryPoint\",\"urlTemplate\":\"https:\\\/\\\/www.rozalskidesign.pl\\\/?s={search_term_string}\"},\"query-input\":{\"@type\":\"PropertyValueSpecification\",\"valueRequired\":true,\"valueName\":\"search_term_string\"}}],\"inLanguage\":\"pl-PL\"},{\"@type\":[\"Person\",\"Organization\"],\"@id\":\"https:\\\/\\\/www.rozalskidesign.pl\\\/#\\\/schema\\\/person\\\/f72f72ef5ca776884a3bb7272e6c05c1\",\"name\":\"admin\",\"image\":{\"@type\":\"ImageObject\",\"inLanguage\":\"pl-PL\",\"@id\":\"https:\\\/\\\/www.rozalskidesign.pl\\\/wp-content\\\/uploads\\\/2025\\\/05\\\/IMG_0182-e1748709130999.webp\",\"url\":\"https:\\\/\\\/www.rozalskidesign.pl\\\/wp-content\\\/uploads\\\/2025\\\/05\\\/IMG_0182-e1748709130999.webp\",\"contentUrl\":\"https:\\\/\\\/www.rozalskidesign.pl\\\/wp-content\\\/uploads\\\/2025\\\/05\\\/IMG_0182-e1748709130999.webp\",\"width\":1080,\"height\":610,\"caption\":\"admin\"},\"logo\":{\"@id\":\"https:\\\/\\\/www.rozalskidesign.pl\\\/wp-content\\\/uploads\\\/2025\\\/05\\\/IMG_0182-e1748709130999.webp\"},\"sameAs\":[\"https:\\\/\\\/www.rozalskidesign.pl\"]}]}<\/script>\n<!-- \/ Yoast SEO plugin. -->","yoast_head_json":{"title":"Darmowa konsultacja - Filip R&oacute;\u017calski","description":"Napisz do mnie \u2013 ch\u0119tnie opowiem wi\u0119cej o swoim podej\u015bciu do projekt\u00f3w i sprawdzimy, czy mo\u017cemy razem co\u015b stworzy\u0107.","robots":{"index":"index","follow":"follow","max-snippet":"max-snippet:-1","max-image-preview":"max-image-preview:large","max-video-preview":"max-video-preview:-1"},"canonical":"https:\/\/www.rozalskidesign.pl\/index.php\/darmowa-konsultacja\/","og_locale":"pl_PL","og_type":"article","og_title":"Darmowa konsultacja - Filip R&oacute;\u017calski","og_description":"Napisz do mnie \u2013 ch\u0119tnie opowiem wi\u0119cej o swoim podej\u015bciu do projekt\u00f3w i sprawdzimy, czy mo\u017cemy razem co\u015b stworzy\u0107.","og_url":"https:\/\/www.rozalskidesign.pl\/index.php\/darmowa-konsultacja\/","og_site_name":"Filip R&oacute;\u017calski","article_modified_time":"2025-08-26T19:23:45+00:00","twitter_card":"summary_large_image","twitter_misc":{"Szacowany czas czytania":"1 minuta"},"schema":{"@context":"https:\/\/schema.org","@graph":[{"@type":"WebPage","@id":"https:\/\/www.rozalskidesign.pl\/index.php\/darmowa-konsultacja\/","url":"https:\/\/www.rozalskidesign.pl\/index.php\/darmowa-konsultacja\/","name":"Darmowa konsultacja - Filip R&oacute;\u017calski","isPartOf":{"@id":"https:\/\/www.rozalskidesign.pl\/#website"},"datePublished":"2025-06-24T17:26:32+00:00","dateModified":"2025-08-26T19:23:45+00:00","description":"Napisz do mnie \u2013 ch\u0119tnie opowiem wi\u0119cej o swoim podej\u015bciu do projekt\u00f3w i sprawdzimy, czy mo\u017cemy razem co\u015b stworzy\u0107.","breadcrumb":{"@id":"https:\/\/www.rozalskidesign.pl\/index.php\/darmowa-konsultacja\/#breadcrumb"},"inLanguage":"pl-PL","potentialAction":[{"@type":"ReadAction","target":["https:\/\/www.rozalskidesign.pl\/index.php\/darmowa-konsultacja\/"]}]},{"@type":"BreadcrumbList","@id":"https:\/\/www.rozalskidesign.pl\/index.php\/darmowa-konsultacja\/#breadcrumb","itemListElement":[{"@type":"ListItem","position":1,"name":"Strona g\u0142\u00f3wna","item":"https:\/\/www.rozalskidesign.pl\/"},{"@type":"ListItem","position":2,"name":"Darmowa konsultacja"}]},{"@type":"WebSite","@id":"https:\/\/www.rozalskidesign.pl\/#website","url":"https:\/\/www.rozalskidesign.pl\/","name":"Filip R\u00f3\u017calski","description":"Portfolio","publisher":{"@id":"https:\/\/www.rozalskidesign.pl\/#\/schema\/person\/f72f72ef5ca776884a3bb7272e6c05c1"},"potentialAction":[{"@type":"SearchAction","target":{"@type":"EntryPoint","urlTemplate":"https:\/\/www.rozalskidesign.pl\/?s={search_term_string}"},"query-input":{"@type":"PropertyValueSpecification","valueRequired":true,"valueName":"search_term_string"}}],"inLanguage":"pl-PL"},{"@type":["Person","Organization"],"@id":"https:\/\/www.rozalskidesign.pl\/#\/schema\/person\/f72f72ef5ca776884a3bb7272e6c05c1","name":"admin","image":{"@type":"ImageObject","inLanguage":"pl-PL","@id":"https:\/\/www.rozalskidesign.pl\/wp-content\/uploads\/2025\/05\/IMG_0182-e1748709130999.webp","url":"https:\/\/www.rozalskidesign.pl\/wp-content\/uploads\/2025\/05\/IMG_0182-e1748709130999.webp","contentUrl":"https:\/\/www.rozalskidesign.pl\/wp-content\/uploads\/2025\/05\/IMG_0182-e1748709130999.webp","width":1080,"height":610,"caption":"admin"},"logo":{"@id":"https:\/\/www.rozalskidesign.pl\/wp-content\/uploads\/2025\/05\/IMG_0182-e1748709130999.webp"},"sameAs":["https:\/\/www.rozalskidesign.pl"]}]}},"_links":{"self":[{"href":"https:\/\/www.rozalskidesign.pl\/index.php\/wp-json\/wp\/v2\/pages\/1832","targetHints":{"allow":["GET"]}}],"collection":[{"href":"https:\/\/www.rozalskidesign.pl\/index.php\/wp-json\/wp\/v2\/pages"}],"about":[{"href":"https:\/\/www.rozalskidesign.pl\/index.php\/wp-json\/wp\/v2\/types\/page"}],"author":[{"embeddable":true,"href":"https:\/\/www.rozalskidesign.pl\/index.php\/wp-json\/wp\/v2\/users\/1"}],"replies":[{"embeddable":true,"href":"https:\/\/www.rozalskidesign.pl\/index.php\/wp-json\/wp\/v2\/comments?post=1832"}],"version-history":[{"count":81,"href":"https:\/\/www.rozalskidesign.pl\/index.php\/wp-json\/wp\/v2\/pages\/1832\/revisions"}],"predecessor-version":[{"id":2760,"href":"https:\/\/www.rozalskidesign.pl\/index.php\/wp-json\/wp\/v2\/pages\/1832\/revisions\/2760"}],"wp:attachment":[{"href":"https:\/\/www.rozalskidesign.pl\/index.php\/wp-json\/wp\/v2\/media?parent=1832"}],"curies":[{"name":"wp","href":"https:\/\/api.w.org\/{rel}","templated":true}]}}